{"id":178,"date":"2022-03-25T05:12:43","date_gmt":"2022-03-25T05:12:43","guid":{"rendered":"https:\/\/demos2.exsthemewp.com\/parent-church\/?page_id=2"},"modified":"2024-01-14T19:28:28","modified_gmt":"2024-01-14T19:28:28","slug":"home","status":"publish","type":"page","link":"https:\/\/alcacio.com\/colegio\/","title":{"rendered":"Home"},"content":{"rendered":"\n<div class=\"wp-block-columns cols-bordered cols-rounded cols-padding cols-shadow-hover is-layout-flex wp-container-core-columns-is-layout-9d6595d7 wp-block-columns-is-layout-flex\">\n<div class=\"wp-block-column is-layout-flow wp-block-column-is-layout-flow\">\n<figure class=\"wp-block-image aligncenter size-thumbnail is-resized\"><img decoding=\"async\" src=\"http:\/\/alcacio.com\/colegio\/wp-content\/uploads\/2023\/11\/cusc-1-150x150.png\" alt=\"\" class=\"wp-image-2213\" style=\"width:71px\"\/><\/figure>\n\n\n\n<h3 class=\"wp-block-heading has-text-align-center\"><strong>CUSC<\/strong><\/h3>\n\n\n\n<p class=\"has-text-align-center\">Vis\u00edtanos, con\u00f3cenos, y date la oportunidad de estudiar la LICENCIATURA EN FILOSOFIA en uno de los sitios de mayor historia y reconocimiento en Am\u00e9rica.<\/p>\n\n\n\n<div class=\"wp-block-buttons is-content-justification-center is-layout-flex wp-container-core-buttons-is-layout-16018d1d wp-block-buttons-is-layout-flex\">\n<div class=\"wp-block-button\"><a class=\"wp-block-button__link wp-element-button\" href=\"http:\/\/alcacio.com\/colegio\/about-us\/\">Leer m\u00e1s &gt;<\/a><\/div>\n<\/div>\n<\/div>\n\n\n\n<div class=\"wp-block-column is-layout-flow wp-block-column-is-layout-flow\">\n<figure class=\"wp-block-image aligncenter size-thumbnail is-resized\"><img decoding=\"async\" src=\"http:\/\/alcacio.com\/colegio\/wp-content\/uploads\/2023\/11\/mision-150x150.png\" alt=\"\" class=\"wp-image-2214\" style=\"width:71px\"\/><\/figure>\n\n\n\n<h3 class=\"wp-block-heading has-text-align-center\"><strong>Misi\u00f3n<\/strong><\/h3>\n\n\n\n<p class=\"has-text-align-center\">La formaci\u00f3n de universa al servicio de la sociedad, productivos y con amor a la patria; dotados de capacidad de juicio e innovaci\u00f3n, de convivencia solidaria y de reconocimiento tanto a los valores <\/p>\n\n\n\n<div class=\"wp-block-buttons is-content-justification-center is-layout-flex wp-container-core-buttons-is-layout-16018d1d wp-block-buttons-is-layout-flex\">\n<div class=\"wp-block-button\"><a class=\"wp-block-button__link wp-element-button\" href=\"http:\/\/alcacio.com\/colegio\/about-us\/\">Leer m\u00e1s &gt;<\/a><\/div>\n<\/div>\n<\/div>\n\n\n\n<div class=\"wp-block-column is-layout-flow wp-block-column-is-layout-flow\">\n<figure class=\"wp-block-image aligncenter size-thumbnail is-resized is-style-default\"><img decoding=\"async\" src=\"http:\/\/alcacio.com\/colegio\/wp-content\/uploads\/2023\/11\/valores-150x150.png\" alt=\"\" class=\"wp-image-2216\" style=\"width:71px\"\/><\/figure>\n\n\n\n<h3 class=\"wp-block-heading has-text-align-center\"><strong>Fines<\/strong><\/h3>\n\n\n\n<p class=\"has-text-align-center\">Formar personas \u00edntegras, que a su preparaci\u00f3n universa espec\u00edfica sumen una sensibilildad social, \u00e9tica y ecol\u00f3gica as\u00ed como un sentido trascendente de la vida.<\/p>\n\n\n\n<p><\/p>\n\n\n\n<div class=\"wp-block-buttons is-content-justification-center is-layout-flex wp-container-core-buttons-is-layout-16018d1d wp-block-buttons-is-layout-flex\">\n<div class=\"wp-block-button\"><a class=\"wp-block-button__link wp-element-button\" href=\"http:\/\/alcacio.com\/colegio\/about-us\/\">Leer m\u00e1s &gt;<\/a><\/div>\n<\/div>\n<\/div>\n<\/div>\n\n\n\n<div style=\"height:100px\" aria-hidden=\"true\" class=\"wp-block-spacer\"><\/div>\n\n\n\n<div class=\"wp-block-uagb-container uagb-block-7cfa74ac alignwide uagb-is-root-container\">\n<div class=\"wp-block-uagb-container uagb-block-3a974eca\">\n<div class=\"wp-block-uagb-info-box uagb-block-198c2c0a uagb-infobox__content-wrap  uagb-infobox-icon-above-title uagb-infobox-image-valign-top\"><div class=\"uagb-ifb-content\"><div class=\"uagb-ifb-title-wrap\"><h2 class=\"uagb-ifb-title\">\u00a1Inscr\u00edbete hoy!<\/h2><\/div><p class=\"uagb-ifb-desc\">Ad\u00e9ntrate en el coraz\u00f3n del pensamiento humano. \u00danete a nuestra Licenciatura en Filosof\u00eda y analiza el mundo que te rodea. <\/p><\/div><\/div>\n<\/div>\n\n\n\n<div class=\"wp-block-uagb-container uagb-block-e9122bdf\">\n<div class=\"wp-block-uagb-buttons uagb-buttons__outer-wrap uagb-btn__default-btn uagb-btn-tablet__default-btn uagb-btn-mobile__default-btn uagb-block-0a4fe754\"><div class=\"uagb-buttons__wrap uagb-buttons-layout-wrap\">\n<div class=\"wp-block-uagb-buttons-child uagb-buttons__outer-wrap uagb-block-bf681650 wp-block-button\"><div class=\"uagb-button__wrapper\"><a class=\"uagb-buttons-repeater wp-block-button__link\" href=\"http:\/\/alcacio.com\/colegio\/about-us\/\" onclick=\"return true;\" rel=\"follow noopener\" target=\"_self\"><div class=\"uagb-button__link\">M\u00e1s informaci\u00f3n <\/div><\/a><\/div><\/div>\n<\/div><\/div>\n<\/div>\n<\/div>\n\n\n\n<div class=\"wp-block-columns are-vertically-aligned-center l m cols-single-md gap-0 is-layout-flex wp-container-core-columns-is-layout-9d6595d7 wp-block-columns-is-layout-flex\">\n<div class=\"wp-block-column is-vertically-aligned-center is-layout-flow wp-block-column-is-layout-flow\" style=\"flex-basis:50%\">\n<figure class=\"wp-block-image size-exs-square\"><a href=\"http:\/\/alcacio.com\/colegio\/wp-content\/uploads\/2023\/11\/IMG_0286-2.png\" target=\"_blank\" rel=\"noreferrer noopener\"><img loading=\"lazy\" decoding=\"async\" width=\"800\" height=\"800\" src=\"http:\/\/alcacio.com\/colegio\/wp-content\/uploads\/2023\/11\/IMG_0286-2-800x800.png\" alt=\"\" class=\"wp-image-299\" srcset=\"https:\/\/alcacio.com\/colegio\/wp-content\/uploads\/2023\/11\/IMG_0286-2-800x800.png 800w, https:\/\/alcacio.com\/colegio\/wp-content\/uploads\/2023\/11\/IMG_0286-2-150x150.png 150w, https:\/\/alcacio.com\/colegio\/wp-content\/uploads\/2023\/11\/IMG_0286-2-300x300.png 300w, https:\/\/alcacio.com\/colegio\/wp-content\/uploads\/2023\/11\/IMG_0286-2-100x100.png 100w\" sizes=\"auto, (max-width: 800px) 100vw, 800px\" \/><\/a><\/figure>\n<\/div>\n\n\n\n<div class=\"wp-block-column is-vertically-aligned-center p-2 is-layout-flow wp-block-column-is-layout-flow\" style=\"flex-basis:50%\">\n<h2 class=\"wp-block-heading\"><strong>Historia del Colegio Universitario de la Santa Cruz<br><\/strong><\/h2>\n\n\n\n<hr class=\"wp-block-separator has-css-opacity\"\/>\n\n\n\n<h4 class=\"wp-block-heading\">El primer Colegio de Propaganda FIDE en Am\u00e9rica.<\/h4>\n\n\n\n<p class=\"has-text-align-center\">Fray Antonio Li\u00f1az fraile franciscano nacido en Mallorca en 1635, lleg\u00f3 a Nueva Espa\u00f1a en 1665, 7 donde despu\u00e9s<br>de quince a\u00f1os fue nombrado Custodio de la Provincia franciscana de Michoac\u00e1n, y conoci\u00f3 al P. Joseph<br>Ximenez de Samaniego, quien le entusiasm\u00f3 en los prop\u00f3sitos de la Congregaci\u00f3n de Propaganda Pide y entre ambos concibieron la idea de formar colegios dedicados a la preparaci\u00f3n de misioneros.<\/p>\n\n\n\n<div class=\"wp-block-buttons is-layout-flex wp-block-buttons-is-layout-flex\">\n<div class=\"wp-block-button\"><a class=\"wp-block-button__link wp-element-button\" href=\"http:\/\/alcacio.com\/colegio\/about-us\/\">Leer m\u00e1s &gt;<\/a><\/div>\n\n\n\n<div class=\"wp-block-button\"><a class=\"wp-block-button__link has-main-background-color has-background wp-element-button\" href=\"https:\/\/ofmsanpedroysanpablomex.org\/\" target=\"_blank\" rel=\"noreferrer noopener\">Orden de Frailes Menores<\/a><\/div>\n<\/div>\n<\/div>\n<\/div>\n\n\n\n<div style=\"height:100px\" aria-hidden=\"true\" class=\"wp-block-spacer\"><\/div>\n\n\n\n<div class=\"wp-block-group is-layout-flow wp-block-group-is-layout-flow\">\n<h2 class=\"wp-block-heading has-text-align-center mb-05 has-xxl-font-size\">Vida Universitaria<\/h2>\n\n\n\n<p class=\"has-text-align-center has-normal-font-size\">Explora la vibrante vida universitaria que te espera en nuestra instituci\u00f3n, repleta de oportunidades para el crecimiento personal y acad\u00e9mico<\/p>\n\n\n\n<hr class=\"wp-block-separator aligncenter has-css-opacity mt-2 mb-3\"\/>\n<\/div>\n\n\n\n<div class=\"wp-block-columns is-layout-flex wp-container-core-columns-is-layout-9d6595d7 wp-block-columns-is-layout-flex\">\n<div class=\"wp-block-column is-layout-flow wp-block-column-is-layout-flow\">\n<div class=\"wp-block-cover\" style=\"min-height:440px;aspect-ratio:unset;\"><span aria-hidden=\"true\" class=\"wp-block-cover__background has-background-dim-60 has-background-dim\" style=\"background-color:#8a6846\"><\/span><img loading=\"lazy\" decoding=\"async\" width=\"900\" height=\"506\" class=\"wp-block-cover__image-background wp-image-274\" alt=\"\" src=\"http:\/\/alcacio.com\/colegio\/wp-content\/uploads\/2023\/11\/conversatorio.jpg\" data-object-fit=\"cover\" srcset=\"https:\/\/alcacio.com\/colegio\/wp-content\/uploads\/2023\/11\/conversatorio.jpg 900w, https:\/\/alcacio.com\/colegio\/wp-content\/uploads\/2023\/11\/conversatorio-300x169.jpg 300w, https:\/\/alcacio.com\/colegio\/wp-content\/uploads\/2023\/11\/conversatorio-768x432.jpg 768w, https:\/\/alcacio.com\/colegio\/wp-content\/uploads\/2023\/11\/conversatorio-600x337.jpg 600w\" sizes=\"auto, (max-width: 900px) 100vw, 900px\" \/><div class=\"wp-block-cover__inner-container is-layout-flow wp-block-cover-is-layout-flow\">\n<p class=\"has-large-font-size\"><strong>Conversatorio<\/strong><\/p>\n\n\n\n<p>D\u00eda Internacional de la Filosof\u00eda<\/p>\n<\/div><\/div>\n<\/div>\n\n\n\n<div class=\"wp-block-column is-layout-flow wp-block-column-is-layout-flow\">\n<div class=\"wp-block-cover is-light\" style=\"min-height:205px;aspect-ratio:unset;\"><span aria-hidden=\"true\" class=\"wp-block-cover__background has-background-dim-60 has-background-dim\" style=\"background-color:#8d8a81\"><\/span><img loading=\"lazy\" decoding=\"async\" width=\"1440\" height=\"960\" class=\"wp-block-cover__image-background wp-image-277\" alt=\"\" src=\"http:\/\/alcacio.com\/colegio\/wp-content\/uploads\/2023\/11\/familia-cusc.jpg\" data-object-fit=\"cover\" srcset=\"https:\/\/alcacio.com\/colegio\/wp-content\/uploads\/2023\/11\/familia-cusc.jpg 1440w, https:\/\/alcacio.com\/colegio\/wp-content\/uploads\/2023\/11\/familia-cusc-300x200.jpg 300w, https:\/\/alcacio.com\/colegio\/wp-content\/uploads\/2023\/11\/familia-cusc-1024x683.jpg 1024w, https:\/\/alcacio.com\/colegio\/wp-content\/uploads\/2023\/11\/familia-cusc-768x512.jpg 768w, https:\/\/alcacio.com\/colegio\/wp-content\/uploads\/2023\/11\/familia-cusc-1140x760.jpg 1140w, https:\/\/alcacio.com\/colegio\/wp-content\/uploads\/2023\/11\/familia-cusc-600x400.jpg 600w\" sizes=\"auto, (max-width: 1440px) 100vw, 1440px\" \/><div class=\"wp-block-cover__inner-container is-layout-flow wp-block-cover-is-layout-flow\">\n<p class=\"has-text-align-right has-large-font-size\"><strong>Familia<\/strong> CUSC<\/p>\n\n\n\n<p class=\"has-text-align-right\">Ciclo escolar 2023-2024<\/p>\n<\/div><\/div>\n\n\n\n<div style=\"height:30px\" aria-hidden=\"true\" class=\"wp-block-spacer\"><\/div>\n\n\n\n<div class=\"wp-block-cover is-light\" style=\"min-height:205px;aspect-ratio:unset;\"><span aria-hidden=\"true\" class=\"wp-block-cover__background has-background-dim-60 has-background-dim\" style=\"background-color:#a38c85\"><\/span><img loading=\"lazy\" decoding=\"async\" width=\"900\" height=\"506\" class=\"wp-block-cover__image-background wp-image-280\" alt=\"\" src=\"http:\/\/alcacio.com\/colegio\/wp-content\/uploads\/2023\/11\/inicio_clases.jpg\" data-object-fit=\"cover\" srcset=\"https:\/\/alcacio.com\/colegio\/wp-content\/uploads\/2023\/11\/inicio_clases.jpg 900w, https:\/\/alcacio.com\/colegio\/wp-content\/uploads\/2023\/11\/inicio_clases-300x169.jpg 300w, https:\/\/alcacio.com\/colegio\/wp-content\/uploads\/2023\/11\/inicio_clases-768x432.jpg 768w, https:\/\/alcacio.com\/colegio\/wp-content\/uploads\/2023\/11\/inicio_clases-600x337.jpg 600w\" sizes=\"auto, (max-width: 900px) 100vw, 900px\" \/><div class=\"wp-block-cover__inner-container is-layout-flow wp-block-cover-is-layout-flow\">\n<p class=\"has-text-align-right has-large-font-size\"><strong>Ciclo<\/strong> 2023-2024<\/p>\n\n\n\n<p class=\"has-text-align-right\">El deseo de ser amigos es un trabajo r\u00e1pido, pero la amistad es una fruta de maduraci\u00f3n lenta | Arist\u00f3teles<\/p>\n<\/div><\/div>\n<\/div>\n<\/div>\n\n\n\n<div style=\"height:55px\" aria-hidden=\"true\" class=\"wp-block-spacer\"><\/div>\n\n\n\n<div class=\"wp-block-buttons is-content-justification-center is-layout-flex wp-container-core-buttons-is-layout-16018d1d wp-block-buttons-is-layout-flex\">\n<div class=\"wp-block-button has-custom-width wp-block-button__width-25\"><a class=\"wp-block-button__link wp-element-button\" href=\"http:\/\/alcacio.com\/colegio\/blog\/\" style=\"padding-right:var(--wp--preset--spacing--40);padding-left:var(--wp--preset--spacing--40)\">Ver m\u00e1s noticias&#8230;<\/a><\/div>\n<\/div>\n\n\n\n<hr class=\"wp-block-separator alignfull has-alpha-channel-opacity mt-5 mb-5\"\/>\n\n\n\n<div class=\"wp-block-group rounded extra-padding i c is-layout-constrained wp-block-group-is-layout-constrained\">\n<h3 class=\"wp-block-heading has-text-align-center has-xl-font-size\">Bolet\u00edn del Colegio Universitario de la Santa Cruz.<\/h3>\n\n\n\n<p class=\"has-text-align-center\">&#8220;\u00a1Explora el conocimiento en cada clic! \u00danete a nuestro bolet\u00edn web y descubre las \u00faltimas noticias, eventos y oportunidades acad\u00e9micas. Mantente conectado con la vibrante comunidad universitaria y s\u00e9 el primero en acceder a contenido exclusivo. Tu viaje hacia el aprendizaje continuo comienza con un simple registro. \u00a1Inscr\u00edbete ahora y s\u00e9 parte de la experiencia educativa de pr\u00f3xima generaci\u00f3n!&#8221;<\/p>\n\n\n\n<form class=\"exs-ajax-form is-layout-flex items-justified-center\" action=\"#\"><input style=\"width: auto;\" name=\"mailchimp\" required=\"required\" type=\"email\" placeholder=\"Email\" \/> <button class=\"wp-block-button__link\" type=\"submit\">Registrarme<\/button><\/form>\n\n\n\n<div style=\"height:20px\" aria-hidden=\"true\" class=\"wp-block-spacer\"><\/div>\n<\/div>\n","protected":false},"excerpt":{"rendered":"<p>CUSC Vis\u00edtanos, con\u00f3cenos, y date la oportunidad de estudiar la LICENCIATURA EN FILOSOFIA en<span class=\"more-dots\">&#8230;<\/span><\/p>\n","protected":false},"author":1,"featured_media":0,"parent":0,"menu_order":0,"comment_status":"closed","ping_status":"closed","template":"","meta":{"_uag_custom_page_level_css":"","footnotes":""},"class_list":["post-178","page","type-page","status-publish","hentry","no-post-thumbnail"],"featured_image_urls":{"full":"","thumbnail":"","medium":"","medium_large":"","large":"","1536x1536":"","2048x2048":"","post-thumbnail":"","exs-square":"","exs-square-half":"","woocommerce_thumbnail":"","woocommerce_single":"","woocommerce_gallery_thumbnail":""},"post_excerpt_stackable":"<p>CUSC Vis\u00edtanos, con\u00f3cenos, y date la oportunidad de estudiar la LICENCIATURA EN FILOSOFIA en uno de los sitios de mayor historia y reconocimiento en Am\u00e9rica. Leer m\u00e1s &gt; Misi\u00f3n La formaci\u00f3n de universa al servicio de la sociedad, productivos y con amor a la patria; dotados de capacidad de juicio e innovaci\u00f3n, de convivencia solidaria y de reconocimiento tanto a los valores Leer m\u00e1s &gt; Fines Formar personas \u00edntegras, que a su preparaci\u00f3n universa espec\u00edfica sumen una sensibilildad social, \u00e9tica y ecol\u00f3gica as\u00ed como un sentido trascendente de la vida. Leer m\u00e1s &gt; \u00a1Inscr\u00edbete hoy!Ad\u00e9ntrate en el coraz\u00f3n del pensamiento&hellip;<\/p>\n","category_list":"","author_info":{"name":"alcacio","url":"https:\/\/alcacio.com\/colegio\/author\/alcacio\/"},"comments_num":"0 comments","yoast_head":"<!-- This site is optimized with the Yoast SEO plugin v21.5 - https:\/\/yoast.com\/wordpress\/plugins\/seo\/ -->\n<title>Home - Colegio Universitario de la Santa Cruz<\/title>\n<meta name=\"robots\" content=\"index, follow, max-snippet:-1, max-image-preview:large, max-video-preview:-1\" \/>\n<link rel=\"canonical\" href=\"https:\/\/alcacio.com\/colegio\/\" \/>\n<meta property=\"og:locale\" content=\"es_MX\" \/>\n<meta property=\"og:type\" content=\"article\" \/>\n<meta property=\"og:title\" content=\"Home - Colegio Universitario de la Santa Cruz\" \/>\n<meta property=\"og:description\" content=\"CUSC Vis\u00edtanos, con\u00f3cenos, y date la oportunidad de estudiar la LICENCIATURA EN FILOSOFIA en...\" \/>\n<meta property=\"og:url\" content=\"https:\/\/alcacio.com\/colegio\/\" \/>\n<meta property=\"og:site_name\" content=\"Colegio Universitario de la Santa Cruz\" \/>\n<meta property=\"article:modified_time\" content=\"2024-01-14T19:28:28+00:00\" \/>\n<meta property=\"og:image\" content=\"http:\/\/alcacio.com\/colegio\/wp-content\/uploads\/2023\/11\/cusc-1-150x150.png\" \/>\n<meta name=\"twitter:card\" content=\"summary_large_image\" \/>\n<meta name=\"twitter:label1\" content=\"Tiempo de lectura\" \/>\n\t<meta name=\"twitter:data1\" content=\"3 minutos\" \/>\n<script type=\"application\/ld+json\" class=\"yoast-schema-graph\">{\"@context\":\"https:\/\/schema.org\",\"@graph\":[{\"@type\":\"WebPage\",\"@id\":\"https:\/\/alcacio.com\/colegio\/\",\"url\":\"https:\/\/alcacio.com\/colegio\/\",\"name\":\"Home - Colegio Universitario de la Santa Cruz\",\"isPartOf\":{\"@id\":\"https:\/\/alcacio.com\/colegio\/#website\"},\"datePublished\":\"2022-03-25T05:12:43+00:00\",\"dateModified\":\"2024-01-14T19:28:28+00:00\",\"breadcrumb\":{\"@id\":\"https:\/\/alcacio.com\/colegio\/#breadcrumb\"},\"inLanguage\":\"es\",\"potentialAction\":[{\"@type\":\"ReadAction\",\"target\":[\"https:\/\/alcacio.com\/colegio\/\"]}]},{\"@type\":\"BreadcrumbList\",\"@id\":\"https:\/\/alcacio.com\/colegio\/#breadcrumb\",\"itemListElement\":[{\"@type\":\"ListItem\",\"position\":1,\"name\":\"Inicio\",\"item\":\"https:\/\/alcacio.com\/colegio\/\"},{\"@type\":\"ListItem\",\"position\":2,\"name\":\"Home\"}]},{\"@type\":\"WebSite\",\"@id\":\"https:\/\/alcacio.com\/colegio\/#website\",\"url\":\"https:\/\/alcacio.com\/colegio\/\",\"name\":\"Colegio Universitario de la Santa Cruz\",\"description\":\"\",\"potentialAction\":[{\"@type\":\"SearchAction\",\"target\":{\"@type\":\"EntryPoint\",\"urlTemplate\":\"https:\/\/alcacio.com\/colegio\/?s={search_term_string}\"},\"query-input\":\"required name=search_term_string\"}],\"inLanguage\":\"es\"}]}<\/script>\n<!-- \/ Yoast SEO plugin. -->","yoast_head_json":{"title":"Home - Colegio Universitario de la Santa Cruz","robots":{"index":"index","follow":"follow","max-snippet":"max-snippet:-1","max-image-preview":"max-image-preview:large","max-video-preview":"max-video-preview:-1"},"canonical":"https:\/\/alcacio.com\/colegio\/","og_locale":"es_MX","og_type":"article","og_title":"Home - Colegio Universitario de la Santa Cruz","og_description":"CUSC Vis\u00edtanos, con\u00f3cenos, y date la oportunidad de estudiar la LICENCIATURA EN FILOSOFIA en...","og_url":"https:\/\/alcacio.com\/colegio\/","og_site_name":"Colegio Universitario de la Santa Cruz","article_modified_time":"2024-01-14T19:28:28+00:00","og_image":[{"url":"http:\/\/alcacio.com\/colegio\/wp-content\/uploads\/2023\/11\/cusc-1-150x150.png"}],"twitter_card":"summary_large_image","twitter_misc":{"Tiempo de lectura":"3 minutos"},"schema":{"@context":"https:\/\/schema.org","@graph":[{"@type":"WebPage","@id":"https:\/\/alcacio.com\/colegio\/","url":"https:\/\/alcacio.com\/colegio\/","name":"Home - Colegio Universitario de la Santa Cruz","isPartOf":{"@id":"https:\/\/alcacio.com\/colegio\/#website"},"datePublished":"2022-03-25T05:12:43+00:00","dateModified":"2024-01-14T19:28:28+00:00","breadcrumb":{"@id":"https:\/\/alcacio.com\/colegio\/#breadcrumb"},"inLanguage":"es","potentialAction":[{"@type":"ReadAction","target":["https:\/\/alcacio.com\/colegio\/"]}]},{"@type":"BreadcrumbList","@id":"https:\/\/alcacio.com\/colegio\/#breadcrumb","itemListElement":[{"@type":"ListItem","position":1,"name":"Inicio","item":"https:\/\/alcacio.com\/colegio\/"},{"@type":"ListItem","position":2,"name":"Home"}]},{"@type":"WebSite","@id":"https:\/\/alcacio.com\/colegio\/#website","url":"https:\/\/alcacio.com\/colegio\/","name":"Colegio Universitario de la Santa Cruz","description":"","potentialAction":[{"@type":"SearchAction","target":{"@type":"EntryPoint","urlTemplate":"https:\/\/alcacio.com\/colegio\/?s={search_term_string}"},"query-input":"required name=search_term_string"}],"inLanguage":"es"}]}},"uagb_featured_image_src":{"full":false,"thumbnail":false,"medium":false,"medium_large":false,"large":false,"1536x1536":false,"2048x2048":false,"post-thumbnail":false,"exs-square":false,"exs-square-half":false,"woocommerce_thumbnail":false,"woocommerce_single":false,"woocommerce_gallery_thumbnail":false},"uagb_author_info":{"display_name":"alcacio","author_link":"https:\/\/alcacio.com\/colegio\/author\/alcacio\/"},"uagb_comment_info":0,"uagb_excerpt":"CUSC Vis\u00edtanos, con\u00f3cenos, y date la oportunidad de estudiar la LICENCIATURA EN FILOSOFIA en...","_links":{"self":[{"href":"https:\/\/alcacio.com\/colegio\/wp-json\/wp\/v2\/pages\/178","targetHints":{"allow":["GET"]}}],"collection":[{"href":"https:\/\/alcacio.com\/colegio\/wp-json\/wp\/v2\/pages"}],"about":[{"href":"https:\/\/alcacio.com\/colegio\/wp-json\/wp\/v2\/types\/page"}],"author":[{"embeddable":true,"href":"https:\/\/alcacio.com\/colegio\/wp-json\/wp\/v2\/users\/1"}],"replies":[{"embeddable":true,"href":"https:\/\/alcacio.com\/colegio\/wp-json\/wp\/v2\/comments?post=178"}],"version-history":[{"count":35,"href":"https:\/\/alcacio.com\/colegio\/wp-json\/wp\/v2\/pages\/178\/revisions"}],"predecessor-version":[{"id":387,"href":"https:\/\/alcacio.com\/colegio\/wp-json\/wp\/v2\/pages\/178\/revisions\/387"}],"wp:attachment":[{"href":"https:\/\/alcacio.com\/colegio\/wp-json\/wp\/v2\/media?parent=178"}],"curies":[{"name":"wp","href":"https:\/\/api.w.org\/{rel}","templated":true}]}}