{"id":211,"date":"2023-11-19T01:41:47","date_gmt":"2023-11-19T01:41:47","guid":{"rendered":"http:\/\/alcacio.com\/colegio\/?page_id=211"},"modified":"2024-01-14T21:06:32","modified_gmt":"2024-01-14T21:06:32","slug":"educacion-continua","status":"publish","type":"page","link":"https:\/\/alcacio.com\/colegio\/educacion-continua\/","title":{"rendered":"Oferta Acad\u00e9mica"},"content":{"rendered":"\n<div class=\"wp-block-stackable-text stk-block-text stk-block stk-21948c5\" data-block-id=\"21948c5\"><style>.stk-21948c5{margin-bottom:50px !important}<\/style><p class=\"stk-block-text__text has-text-align-justify\">EL Colegio Universitario de la Santa Cruz es una Asociaci\u00f3n Civil sin fines lucrativos que se define como Instituci\u00f3n Universitaria, de inspiraci\u00f3n Cristiana y asume como propios los principios filos\u00f3ficos y pedag\u00f3gicos de la Orden de los Frailes Menores Franciscanos, plasmados en su espiritualidad.<\/p><\/div>\n\n\n\n<figure class=\"wp-block-image size-full is-resized\"><center><img loading=\"lazy\" decoding=\"async\" width=\"270\" height=\"47\" src=\"http:\/\/alcacio.com\/colegio\/wp-content\/uploads\/2024\/01\/mision.png\" alt=\"\" class=\"wp-image-336\" style=\"width:195px;height:auto\"\/><\/center><\/figure>\n\n\n\n<div class=\"wp-block-stackable-text stk-block-text stk-block stk-dd6519e\" data-block-id=\"dd6519e\"><style>.stk-dd6519e{margin-bottom:35px !important}<\/style><p class=\"stk-block-text__text\"><\/p><\/div>\n\n\n\n<div class=\"wp-block-stackable-text stk-block-text stk-block stk-68e5dd9\" data-block-id=\"68e5dd9\"><style>.stk-68e5dd9{margin-bottom:50px !important}<\/style><p class=\"stk-block-text__text has-text-align-justify\">La formaci\u00f3n de universa al servicio de la sociedad, productivos y con amor a la patria; dotados de capacidad de juicio e innovaci\u00f3n, de convivencia solidaria y de reconocimiento tanto a los valores de justicia, libertad y democracia como a los derechos humanos de toda persona, sin distinciones.<\/p><\/div>\n\n\n\n<figure class=\"wp-block-image size-full is-resized\"><center><img decoding=\"async\" src=\"https:\/\/alcacio.com\/colegio\/wp-content\/uploads\/2024\/01\/FINES.png\" alt=\"\" class=\"wp-image-336\" style=\"width:195px;height:auto\"\/><\/center><\/figure>\n\n\n\n<div class=\"wp-block-stackable-text stk-block-text stk-block stk-90272ca\" data-block-id=\"90272ca\"><style>.stk-90272ca{margin-bottom:35px !important}<\/style><p class=\"stk-block-text__text\"><\/p><\/div>\n\n\n\n<p>a)&nbsp;&nbsp;&nbsp;&nbsp;&nbsp; Formar personas \u00edntegras, que a su preparaci\u00f3n universa espec\u00edfica sumen una sensibilildad social, \u00e9tica y ecol\u00f3gica as\u00ed como un sentido trascendente de la vida.<\/p>\n\n\n\n<p>b)&nbsp;&nbsp;&nbsp;&nbsp;&nbsp; Formar universa que orienten sus conocimientos y aptitudes hacia un fraternal servicio a la comunidad en la que est\u00e1n insertos.<\/p>\n\n\n\n<p>c)&nbsp;&nbsp;&nbsp;&nbsp;&nbsp; Desarrollar un modelo educativo que integre fe, ciencia, cultura y vida.<\/p>\n\n\n\n<p>d)&nbsp;&nbsp;&nbsp;&nbsp;&nbsp; Integrar una comunidad universitaria basada en relaciones de respeto a la persona, de reconocimiento hacia el talento, experiencia y madurez de cada uno de sus miembros y en la cual la participaci\u00f3n subsidiaria de todos sea una realidad.<\/p>\n\n\n\n<p>e)&nbsp;&nbsp;&nbsp;&nbsp;&nbsp; Contribuir a divulgar el conocimiento cient\u00edfico, tecnol\u00f3gico y human\u00edstico en el pa\u00eds y fuera de \u00e9l.<\/p>\n\n\n\n<div class=\"wp-block-stackable-text stk-block-text stk-block stk-34f0b6d\" data-block-id=\"34f0b6d\"><style>.stk-34f0b6d{margin-bottom:50px !important}<\/style><p class=\"stk-block-text__text\"><\/p><\/div>\n\n\n\n<h6 class=\"wp-block-heading has-text-align-center is-style-small-text\"><mark style=\"background-color:var(--colorMain)\" class=\"has-inline-color has-light-color\">LICENCIATURA EN FILOSOF\u00cdA <\/mark><\/h6>\n\n\n\n<div class=\"wp-block-stackable-text stk-block-text stk-block stk-a10bcef\" data-block-id=\"a10bcef\"><style>.stk-a10bcef{margin-bottom:25px !important}<\/style><p class=\"stk-block-text__text\"><\/p><\/div>\n\n\n\n<figure class=\"wp-block-image size-full\"><center><img loading=\"lazy\" decoding=\"async\" width=\"300\" height=\"25\" src=\"http:\/\/alcacio.com\/colegio\/wp-content\/uploads\/2024\/01\/image.png\" alt=\"\" class=\"wp-image-360\"\/><\/center><\/figure>\n\n\n\n<div class=\"wp-block-stackable-text stk-block-text stk-block stk-3f29f4e\" data-block-id=\"3f29f4e\"><style>.stk-3f29f4e{margin-bottom:35px !important}<\/style><p class=\"stk-block-text__text\"><\/p><\/div>\n\n\n\n<figure class=\"wp-block-image size-full is-style-default\"><center><img loading=\"lazy\" decoding=\"async\" width=\"1184\" height=\"776\" src=\"http:\/\/alcacio.com\/colegio\/wp-content\/uploads\/2024\/01\/Programa_filosofia.jpg\" alt=\"\" class=\"wp-image-358\" srcset=\"https:\/\/alcacio.com\/colegio\/wp-content\/uploads\/2024\/01\/Programa_filosofia.jpg 1184w, https:\/\/alcacio.com\/colegio\/wp-content\/uploads\/2024\/01\/Programa_filosofia-300x197.jpg 300w, https:\/\/alcacio.com\/colegio\/wp-content\/uploads\/2024\/01\/Programa_filosofia-1024x671.jpg 1024w, https:\/\/alcacio.com\/colegio\/wp-content\/uploads\/2024\/01\/Programa_filosofia-768x503.jpg 768w, https:\/\/alcacio.com\/colegio\/wp-content\/uploads\/2024\/01\/Programa_filosofia-1140x747.jpg 1140w, https:\/\/alcacio.com\/colegio\/wp-content\/uploads\/2024\/01\/Programa_filosofia-600x393.jpg 600w\" sizes=\"auto, (max-width: 1184px) 100vw, 1184px\" \/><\/center><\/figure>\n\n\n\n<h6 class=\"wp-block-heading has-text-align-center is-style-small-text\"><mark style=\"background-color:var(--colorMain)\" class=\"has-inline-color has-light-color\">Educaci\u00f3n continua <\/mark><\/h6>\n\n\n\n<p><\/p>\n\n\n\n<div class=\"wp-block-columns has-3-columns pt-2 is-layout-flex wp-container-core-columns-is-layout-9d6595d7 wp-block-columns-is-layout-flex\">\n<div class=\"wp-block-column animate an__fadeInUp is-layout-flow wp-block-column-is-layout-flow\">\n<h4 class=\"wp-block-heading mb-0\"><strong>Diplomados<\/strong> 2024<\/h4>\n\n\n\n<ul class=\"styled bordersul bordersli wp-block-list\">\n<li>Opci\u00f3n a Titulaci\u00f3n<\/li>\n\n\n\n<li>120 hrs<\/li>\n\n\n\n<li>5000 mil pesos<\/li>\n\n\n\n<li><strong>Introducci\u00f3n a la Filosof\u00eda<\/strong><\/li>\n\n\n\n<li><strong>Pedagog\u00eda y Educaci\u00f3n<\/strong><\/li>\n<\/ul>\n<\/div>\n\n\n\n<div class=\"wp-block-column animate an__fadeInUp is-layout-flow wp-block-column-is-layout-flow\">\n<h4 class=\"wp-block-heading mb-0\"><strong>Cursos de Actualizaci\u00f3n<\/strong>\u20022024<\/h4>\n\n\n\n<ul class=\"styled bordersul bordersli wp-block-list\">\n<li>60 hrs<\/li>\n\n\n\n<li>2500 pesos<\/li>\n\n\n\n<li><strong>Teor\u00edas Sociales de la Educaci\u00f3n<\/strong><\/li>\n\n\n\n<li><strong>Humanismo y Educaci\u00f3n<\/strong><\/li>\n<\/ul>\n<\/div>\n<\/div>\n\n\n\n<div class=\"wp-block-stackable-columns stk-block-columns stk-block stk-452c50b\" data-block-id=\"452c50b\"><div class=\"stk-row stk-inner-blocks stk-block-content stk-content-align stk-452c50b-column\">\n<div class=\"wp-block-stackable-column stk-block-column stk-column stk-block stk-5382530\" data-v=\"4\" data-block-id=\"5382530\"><div class=\"stk-column-wrapper stk-block-column__content stk-container stk-5382530-container stk--no-background stk--no-padding\"><div class=\"stk-block-content stk-inner-blocks stk-5382530-inner-blocks\">\n<figure class=\"wp-block-image size-large\"><img loading=\"lazy\" decoding=\"async\" width=\"1024\" height=\"1024\" src=\"http:\/\/alcacio.com\/colegio\/wp-content\/uploads\/2024\/01\/diplomados-1024x1024.png\" alt=\"\" class=\"wp-image-376\" srcset=\"https:\/\/alcacio.com\/colegio\/wp-content\/uploads\/2024\/01\/diplomados-1024x1024.png 1024w, https:\/\/alcacio.com\/colegio\/wp-content\/uploads\/2024\/01\/diplomados-300x300.png 300w, https:\/\/alcacio.com\/colegio\/wp-content\/uploads\/2024\/01\/diplomados-150x150.png 150w, https:\/\/alcacio.com\/colegio\/wp-content\/uploads\/2024\/01\/diplomados-768x768.png 768w, https:\/\/alcacio.com\/colegio\/wp-content\/uploads\/2024\/01\/diplomados-855x855.png 855w, https:\/\/alcacio.com\/colegio\/wp-content\/uploads\/2024\/01\/diplomados-800x800.png 800w, https:\/\/alcacio.com\/colegio\/wp-content\/uploads\/2024\/01\/diplomados-600x600.png 600w, https:\/\/alcacio.com\/colegio\/wp-content\/uploads\/2024\/01\/diplomados-100x100.png 100w, https:\/\/alcacio.com\/colegio\/wp-content\/uploads\/2024\/01\/diplomados.png 1080w\" sizes=\"auto, (max-width: 1024px) 100vw, 1024px\" \/><\/figure>\n<\/div><\/div><\/div>\n\n\n\n<div class=\"wp-block-stackable-column stk-block-column stk-column stk-block stk-bf0d629\" data-v=\"4\" data-block-id=\"bf0d629\"><div class=\"stk-column-wrapper stk-block-column__content stk-container stk-bf0d629-container stk--no-background stk--no-padding\"><div class=\"stk-block-content stk-inner-blocks stk-bf0d629-inner-blocks\">\n<figure class=\"wp-block-image size-large\"><img loading=\"lazy\" decoding=\"async\" width=\"1024\" height=\"1024\" src=\"http:\/\/alcacio.com\/colegio\/wp-content\/uploads\/2024\/01\/cursos-1024x1024.png\" alt=\"\" class=\"wp-image-392\" srcset=\"https:\/\/alcacio.com\/colegio\/wp-content\/uploads\/2024\/01\/cursos-1024x1024.png 1024w, https:\/\/alcacio.com\/colegio\/wp-content\/uploads\/2024\/01\/cursos-300x300.png 300w, https:\/\/alcacio.com\/colegio\/wp-content\/uploads\/2024\/01\/cursos-150x150.png 150w, https:\/\/alcacio.com\/colegio\/wp-content\/uploads\/2024\/01\/cursos-768x768.png 768w, https:\/\/alcacio.com\/colegio\/wp-content\/uploads\/2024\/01\/cursos-855x855.png 855w, https:\/\/alcacio.com\/colegio\/wp-content\/uploads\/2024\/01\/cursos-800x800.png 800w, https:\/\/alcacio.com\/colegio\/wp-content\/uploads\/2024\/01\/cursos-600x600.png 600w, https:\/\/alcacio.com\/colegio\/wp-content\/uploads\/2024\/01\/cursos-100x100.png 100w, https:\/\/alcacio.com\/colegio\/wp-content\/uploads\/2024\/01\/cursos.png 1080w\" sizes=\"auto, (max-width: 1024px) 100vw, 1024px\" \/><\/figure>\n<\/div><\/div><\/div>\n<\/div><\/div>\n","protected":false},"excerpt":{"rendered":"<p>EL Colegio Universitario de la Santa Cruz es una Asociaci\u00f3n Civil sin fines lucrativos<span class=\"more-dots\">&#8230;<\/span><\/p>\n","protected":false},"author":1,"featured_media":0,"parent":0,"menu_order":0,"comment_status":"closed","ping_status":"closed","template":"","meta":{"_uag_custom_page_level_css":"","footnotes":""},"class_list":["post-211","page","type-page","status-publish","hentry","no-post-thumbnail"],"featured_image_urls":{"full":"","thumbnail":"","medium":"","medium_large":"","large":"","1536x1536":"","2048x2048":"","post-thumbnail":"","exs-square":"","exs-square-half":"","woocommerce_thumbnail":"","woocommerce_single":"","woocommerce_gallery_thumbnail":""},"post_excerpt_stackable":"<p>EL Colegio Universitario de la Santa Cruz es una Asociaci\u00f3n Civil sin fines lucrativos que se define como Instituci\u00f3n Universitaria, de inspiraci\u00f3n Cristiana y asume como propios los principios filos\u00f3ficos y pedag\u00f3gicos de la Orden de los Frailes Menores Franciscanos, plasmados en su espiritualidad. La formaci\u00f3n de universa al servicio de la sociedad, productivos y con amor a la patria; dotados de capacidad de juicio e innovaci\u00f3n, de convivencia solidaria y de reconocimiento tanto a los valores de justicia, libertad y democracia como a los derechos humanos de toda persona, sin distinciones. a)&nbsp;&nbsp;&nbsp;&nbsp;&nbsp; Formar personas \u00edntegras, que a su preparaci\u00f3n&hellip;<\/p>\n","category_list":"","author_info":{"name":"alcacio","url":"https:\/\/alcacio.com\/colegio\/author\/alcacio\/"},"comments_num":"0 comments","yoast_head":"<!-- This site is optimized with the Yoast SEO plugin v21.5 - https:\/\/yoast.com\/wordpress\/plugins\/seo\/ -->\n<title>Oferta Acad\u00e9mica - Colegio Universitario de la Santa Cruz<\/title>\n<meta name=\"robots\" content=\"index, follow, max-snippet:-1, max-image-preview:large, max-video-preview:-1\" \/>\n<link rel=\"canonical\" href=\"https:\/\/alcacio.com\/colegio\/educacion-continua\/\" \/>\n<meta property=\"og:locale\" content=\"es_MX\" \/>\n<meta property=\"og:type\" content=\"article\" \/>\n<meta property=\"og:title\" content=\"Oferta Acad\u00e9mica - Colegio Universitario de la Santa Cruz\" \/>\n<meta property=\"og:description\" content=\"EL Colegio Universitario de la Santa Cruz es una Asociaci\u00f3n Civil sin fines lucrativos...\" \/>\n<meta property=\"og:url\" content=\"https:\/\/alcacio.com\/colegio\/educacion-continua\/\" \/>\n<meta property=\"og:site_name\" content=\"Colegio Universitario de la Santa Cruz\" \/>\n<meta property=\"article:modified_time\" content=\"2024-01-14T21:06:32+00:00\" \/>\n<meta property=\"og:image\" content=\"http:\/\/alcacio.com\/colegio\/wp-content\/uploads\/2024\/01\/mision.png\" \/>\n<meta name=\"twitter:card\" content=\"summary_large_image\" \/>\n<meta name=\"twitter:label1\" content=\"Tiempo de lectura\" \/>\n\t<meta name=\"twitter:data1\" content=\"2 minutos\" \/>\n<script type=\"application\/ld+json\" class=\"yoast-schema-graph\">{\"@context\":\"https:\/\/schema.org\",\"@graph\":[{\"@type\":\"WebPage\",\"@id\":\"https:\/\/alcacio.com\/colegio\/educacion-continua\/\",\"url\":\"https:\/\/alcacio.com\/colegio\/educacion-continua\/\",\"name\":\"Oferta Acad\u00e9mica - Colegio Universitario de la Santa Cruz\",\"isPartOf\":{\"@id\":\"https:\/\/alcacio.com\/colegio\/#website\"},\"datePublished\":\"2023-11-19T01:41:47+00:00\",\"dateModified\":\"2024-01-14T21:06:32+00:00\",\"breadcrumb\":{\"@id\":\"https:\/\/alcacio.com\/colegio\/educacion-continua\/#breadcrumb\"},\"inLanguage\":\"es\",\"potentialAction\":[{\"@type\":\"ReadAction\",\"target\":[\"https:\/\/alcacio.com\/colegio\/educacion-continua\/\"]}]},{\"@type\":\"BreadcrumbList\",\"@id\":\"https:\/\/alcacio.com\/colegio\/educacion-continua\/#breadcrumb\",\"itemListElement\":[{\"@type\":\"ListItem\",\"position\":1,\"name\":\"Inicio\",\"item\":\"https:\/\/alcacio.com\/colegio\/\"},{\"@type\":\"ListItem\",\"position\":2,\"name\":\"Oferta Acad\u00e9mica\"}]},{\"@type\":\"WebSite\",\"@id\":\"https:\/\/alcacio.com\/colegio\/#website\",\"url\":\"https:\/\/alcacio.com\/colegio\/\",\"name\":\"Colegio Universitario de la Santa Cruz\",\"description\":\"\",\"potentialAction\":[{\"@type\":\"SearchAction\",\"target\":{\"@type\":\"EntryPoint\",\"urlTemplate\":\"https:\/\/alcacio.com\/colegio\/?s={search_term_string}\"},\"query-input\":\"required name=search_term_string\"}],\"inLanguage\":\"es\"}]}<\/script>\n<!-- \/ Yoast SEO plugin. -->","yoast_head_json":{"title":"Oferta Acad\u00e9mica - Colegio Universitario de la Santa Cruz","robots":{"index":"index","follow":"follow","max-snippet":"max-snippet:-1","max-image-preview":"max-image-preview:large","max-video-preview":"max-video-preview:-1"},"canonical":"https:\/\/alcacio.com\/colegio\/educacion-continua\/","og_locale":"es_MX","og_type":"article","og_title":"Oferta Acad\u00e9mica - Colegio Universitario de la Santa Cruz","og_description":"EL Colegio Universitario de la Santa Cruz es una Asociaci\u00f3n Civil sin fines lucrativos...","og_url":"https:\/\/alcacio.com\/colegio\/educacion-continua\/","og_site_name":"Colegio Universitario de la Santa Cruz","article_modified_time":"2024-01-14T21:06:32+00:00","og_image":[{"url":"http:\/\/alcacio.com\/colegio\/wp-content\/uploads\/2024\/01\/mision.png"}],"twitter_card":"summary_large_image","twitter_misc":{"Tiempo de lectura":"2 minutos"},"schema":{"@context":"https:\/\/schema.org","@graph":[{"@type":"WebPage","@id":"https:\/\/alcacio.com\/colegio\/educacion-continua\/","url":"https:\/\/alcacio.com\/colegio\/educacion-continua\/","name":"Oferta Acad\u00e9mica - Colegio Universitario de la Santa Cruz","isPartOf":{"@id":"https:\/\/alcacio.com\/colegio\/#website"},"datePublished":"2023-11-19T01:41:47+00:00","dateModified":"2024-01-14T21:06:32+00:00","breadcrumb":{"@id":"https:\/\/alcacio.com\/colegio\/educacion-continua\/#breadcrumb"},"inLanguage":"es","potentialAction":[{"@type":"ReadAction","target":["https:\/\/alcacio.com\/colegio\/educacion-continua\/"]}]},{"@type":"BreadcrumbList","@id":"https:\/\/alcacio.com\/colegio\/educacion-continua\/#breadcrumb","itemListElement":[{"@type":"ListItem","position":1,"name":"Inicio","item":"https:\/\/alcacio.com\/colegio\/"},{"@type":"ListItem","position":2,"name":"Oferta Acad\u00e9mica"}]},{"@type":"WebSite","@id":"https:\/\/alcacio.com\/colegio\/#website","url":"https:\/\/alcacio.com\/colegio\/","name":"Colegio Universitario de la Santa Cruz","description":"","potentialAction":[{"@type":"SearchAction","target":{"@type":"EntryPoint","urlTemplate":"https:\/\/alcacio.com\/colegio\/?s={search_term_string}"},"query-input":"required name=search_term_string"}],"inLanguage":"es"}]}},"uagb_featured_image_src":{"full":false,"thumbnail":false,"medium":false,"medium_large":false,"large":false,"1536x1536":false,"2048x2048":false,"post-thumbnail":false,"exs-square":false,"exs-square-half":false,"woocommerce_thumbnail":false,"woocommerce_single":false,"woocommerce_gallery_thumbnail":false},"uagb_author_info":{"display_name":"alcacio","author_link":"https:\/\/alcacio.com\/colegio\/author\/alcacio\/"},"uagb_comment_info":0,"uagb_excerpt":"EL Colegio Universitario de la Santa Cruz es una Asociaci\u00f3n Civil sin fines lucrativos...","_links":{"self":[{"href":"https:\/\/alcacio.com\/colegio\/wp-json\/wp\/v2\/pages\/211","targetHints":{"allow":["GET"]}}],"collection":[{"href":"https:\/\/alcacio.com\/colegio\/wp-json\/wp\/v2\/pages"}],"about":[{"href":"https:\/\/alcacio.com\/colegio\/wp-json\/wp\/v2\/types\/page"}],"author":[{"embeddable":true,"href":"https:\/\/alcacio.com\/colegio\/wp-json\/wp\/v2\/users\/1"}],"replies":[{"embeddable":true,"href":"https:\/\/alcacio.com\/colegio\/wp-json\/wp\/v2\/comments?post=211"}],"version-history":[{"count":30,"href":"https:\/\/alcacio.com\/colegio\/wp-json\/wp\/v2\/pages\/211\/revisions"}],"predecessor-version":[{"id":395,"href":"https:\/\/alcacio.com\/colegio\/wp-json\/wp\/v2\/pages\/211\/revisions\/395"}],"wp:attachment":[{"href":"https:\/\/alcacio.com\/colegio\/wp-json\/wp\/v2\/media?parent=211"}],"curies":[{"name":"wp","href":"https:\/\/api.w.org\/{rel}","templated":true}]}}